{"id":176,"date":"2024-11-01T10:15:38","date_gmt":"2024-11-01T09:15:38","guid":{"rendered":"https:\/\/www.flair.li\/?page_id=176"},"modified":"2024-11-01T10:15:38","modified_gmt":"2024-11-01T09:15:38","slug":"test","status":"publish","type":"page","link":"https:\/\/www.flair.li\/?page_id=176","title":{"rendered":"Test"},"content":{"rendered":"<figure class=\"wp-block-gallery has-nested-images columns-default is-cropped wp-block-gallery-1 is-layout-flex wp-block-gallery-is-layout-flex\"><figure class=\"wp-block-image size-large\"><img decoding=\"async\" data-id=\"169\" src=\"https:\/\/www.flair.li\/wp-content\/uploads\/2024\/10\/KIpic3-1.jpg\" alt=\"Objectifs \u00e0 long terme\" class=\"wp-image-169\"\/><figcaption class=\"wp-element-caption\">MINT au Mali&#187; a deux objectifs \u00e0 long terme<\/figcaption><\/figure><\/figure><p>fsdmsdjl\u00f6 dkljasljdasl\u00f6 jiasjasl\u00f6kas<\/p>","protected":false},"excerpt":{"rendered":"<p>fsdmsdjl\u00f6 dkljasljdasl\u00f6 jiasjasl\u00f6kas<\/p>\n","protected":false},"author":2,"featured_media":0,"parent":0,"menu_order":0,"comment_status":"closed","ping_status":"closed","template":"","meta":{"footnotes":""},"class_list":["post-176","page","type-page","status-publish","hentry"],"jetpack_sharing_enabled":true,"_links":{"self":[{"href":"https:\/\/www.flair.li\/index.php?rest_route=\/wp\/v2\/pages\/176","targetHints":{"allow":["GET"]}}],"collection":[{"href":"https:\/\/www.flair.li\/index.php?rest_route=\/wp\/v2\/pages"}],"about":[{"href":"https:\/\/www.flair.li\/index.php?rest_route=\/wp\/v2\/types\/page"}],"author":[{"embeddable":true,"href":"https:\/\/www.flair.li\/index.php?rest_route=\/wp\/v2\/users\/2"}],"replies":[{"embeddable":true,"href":"https:\/\/www.flair.li\/index.php?rest_route=%2Fwp%2Fv2%2Fcomments&post=176"}],"version-history":[{"count":1,"href":"https:\/\/www.flair.li\/index.php?rest_route=\/wp\/v2\/pages\/176\/revisions"}],"predecessor-version":[{"id":177,"href":"https:\/\/www.flair.li\/index.php?rest_route=\/wp\/v2\/pages\/176\/revisions\/177"}],"wp:attachment":[{"href":"https:\/\/www.flair.li\/index.php?rest_route=%2Fwp%2Fv2%2Fmedia&parent=176"}],"curies":[{"name":"wp","href":"https:\/\/api.w.org\/{rel}","templated":true}]}}